{"id":1661,"date":"2020-10-20T12:48:41","date_gmt":"2020-10-20T12:48:41","guid":{"rendered":"https:\/\/medicareabc.com\/privacy-policy\/"},"modified":"2021-02-19T19:57:25","modified_gmt":"2021-02-19T19:57:25","slug":"privacy-policy","status":"publish","type":"page","link":"https:\/\/medicareabc.com\/es\/privacy-policy\/","title":{"rendered":"Privacy Policy"},"content":{"rendered":"\t\t<div data-elementor-type=\"wp-page\" data-elementor-id=\"1661\" class=\"elementor elementor-1661 elementor-368\" data-elementor-post-type=\"page\">\n\t\t\t\t\t\t<section class=\"elementor-section elementor-top-section elementor-element elementor-element-2b762436 elementor-section-boxed elementor-section-height-default elementor-section-height-default\" data-id=\"2b762436\" data-element_type=\"section\" data-e-type=\"section\" data-settings=\"{&quot;background_background&quot;:&quot;gradient&quot;}\">\n\t\t\t\t\t\t<div class=\"elementor-container elementor-column-gap-default\">\n\t\t\t\t\t<div class=\"elementor-column elementor-col-100 elementor-top-column elementor-element elementor-element-5a0dc6e0\" data-id=\"5a0dc6e0\" data-element_type=\"column\" data-e-type=\"column\">\n\t\t\t<div class=\"elementor-widget-wrap elementor-element-populated\">\n\t\t\t\t\t\t<div class=\"elementor-element elementor-element-472e148d elementor-widget elementor-widget-heading\" data-id=\"472e148d\" data-element_type=\"widget\" data-e-type=\"widget\" data-widget_type=\"heading.default\">\n\t\t\t\t<div class=\"elementor-widget-container\">\n\t\t\t\t\t<h2 class=\"elementor-heading-title elementor-size-default\">Pol\u00edtica de privacidad<\/h2>\t\t\t\t<\/div>\n\t\t\t\t<\/div>\n\t\t\t\t<div class=\"elementor-element elementor-element-2d2c8535 elementor-widget elementor-widget-text-editor\" data-id=\"2d2c8535\" data-element_type=\"widget\" data-e-type=\"widget\" data-widget_type=\"text-editor.default\">\n\t\t\t\t<div class=\"elementor-widget-container\">\n\t\t\t\t\t\t\t\t\t<div class=\"x-container max width offset\"><div class=\"x-main left\" role=\"main\"><article id=\"post-566\" class=\"post-566 page type-page status-publish hentry no-post-thumbnail\"><div class=\"entry-wrap\"><div class=\"entry-content content\"><p>Actualizado el 30 de julio de 2020<\/p><p>Gracias por acceder al sitio web y al portal del cliente de Medicare Advisors Insurance Group LLC (el \u00abPortal\u00bb). Este sitio web y el portal son propiedades de Internet de Medicare Advisors Insurance Group LLC (\u00abMedicare Advisors Insurance Group LLC\u00bb, \u00abnosotros\u00bb, \u00abnuestro\u00bb o \u00abnos\u00bb). En esta pol\u00edtica de privacidad, \u00abusted\u00bb, \u00abusuario\u00bb o \u00absu\u00bb significa usted, el usuario de este sitio web o del Portal, y cualquier agente o tercero que acceda al Portal por su cuenta oa trav\u00e9s de ella.<\/p><p>Esta pol\u00edtica de privacidad describe las pr\u00e1cticas de privacidad asociadas con su uso de este sitio web y el Portal, y sus interacciones fuera de l\u00ednea con nosotros relacionadas con la compra o compra de productos de seguro m\u00e9dico. Esta pol\u00edtica de privacidad se aplica solo a este sitio web. Podemos participar en actividades de marketing a trav\u00e9s de otros sitios web que tienen sus propias pol\u00edticas de privacidad.<\/p><p>Usted acepta esta pol\u00edtica de privacidad al usar o acceder al sitio web o al Portal. No puede utilizar este sitio web o el Portal a menos que est\u00e9 de acuerdo con todos los t\u00e9rminos, condiciones y pol\u00edticas publicados, incluida esta pol\u00edtica de privacidad. Si actualizamos esta pol\u00edtica de privacidad, publicaremos la versi\u00f3n actualizada en este sitio web y, si as\u00ed lo exige la ley, le notificaremos lo contrario.<\/p><p><strong>CATEGOR\u00cdAS DE INFORMACI\u00d3N PERSONAL QUE PODEMOS RECOPILAR.<\/strong><\/p><p>(A) \u201cIdentificadores\u201d como un nombre real, direcci\u00f3n postal, identificador personal \u00fanico, identificador en l\u00ednea, direcci\u00f3n de Protocolo de Internet, direcci\u00f3n de correo electr\u00f3nico, nombre de cuenta u otros identificadores similares.<\/p><p>(B) \u00abInformaci\u00f3n relacionada\u00bb que identifica, se relaciona con, describe o es capaz de asociarse con una persona en particular, como su nombre, firma, direcci\u00f3n, n\u00famero de tel\u00e9fono, licencia de conducir o n\u00famero de tarjeta de identificaci\u00f3n estatal, empleo, n\u00famero de cuenta bancaria, n\u00famero de tarjeta de cr\u00e9dito, n\u00famero de tarjeta de d\u00e9bito, etc.<\/p><p>(C) \u201cCaracter\u00edsticas\u201d de las clasificaciones protegidas bajo la ley federal o de California.<\/p><p>(D) \u201cInformaci\u00f3n comercial\u201d (por ejemplo, registros de productos o servicios comprados, obtenidos o considerados, u otros antecedentes o tendencias de compra o consumo).<\/p><p>(E) \u00abInformaci\u00f3n de salud\u00bb.<\/p><p>(F) \u00abActividad de Internet\u00bb, como informaci\u00f3n sobre la actividad de la red electr\u00f3nica, historial de navegaci\u00f3n, historial de b\u00fasqueda e informaci\u00f3n sobre la interacci\u00f3n de un consumidor con un sitio web, una aplicaci\u00f3n o un anuncio de Internet.<\/p><p>(G) \u00abDatos de geolocalizaci\u00f3n\u00bb.<\/p><p>(H) Informaci\u00f3n de \u201caudio\u201d, electr\u00f3nica o similar.<\/p><p>(I) Informaci\u00f3n \u201cprofesional\u201d o relacionada con el empleo.<\/p><p>(J) \u00abInferencias\u00bb como las que se extraen de la informaci\u00f3n identificada anteriormente para crear un perfil sobre un consumidor que refleje las preferencias, caracter\u00edsticas, etc. del consumidor<\/p><p>(K) No recopilamos informaci\u00f3n a sabiendas de personas menores de dieciocho (18) a\u00f1os. Las personas menores de dieciocho (18) a\u00f1os no deben enviar ni publicar informaci\u00f3n en nuestros sitios web.<\/p><p><strong>FUENTES DE INFORMACI\u00d3N PERSONAL. <\/strong><\/p><p>(A) Directamente de usted (por ejemplo, por tel\u00e9fono, mensaje de texto, correo electr\u00f3nico, env\u00edo de formularios del sitio web, etc.).<\/p><p>(B) Fuentes de acceso p\u00fablico (por ejemplo, registros de propiedad, directorios p\u00fablicos, etc.).<\/p><p>(C) Terceros (por ejemplo, informaci\u00f3n que tiene archivada con nuestros socios aseguradores).<\/p><p>(D) Indirectamente de usted (por ejemplo, a trav\u00e9s de cookies, rastreadores digitales, an\u00e1lisis y sistemas de TI y seguridad).<\/p><p><strong>FINALIDADES DE RECOPILAR INFORMACI\u00d3N PERSONAL.<\/strong><\/p><p>(A) Para cumplir con la raz\u00f3n por la que proporcion\u00f3 la informaci\u00f3n (por ejemplo, para brindar soporte, responder a una consulta, etc.).<\/p><p>(B) Para facilitar su compra y compra de productos de seguro m\u00e9dico.<\/p><p>(C) Para personalizar su experiencia en el sitio web.<\/p><p>(D) Para mantener su cuenta.<\/p><p>(E) Para ayudar a mantener la seguridad y la integridad de nuestro sitio web, productos y servicios, bases de datos y otros activos tecnol\u00f3gicos y negocios.<\/p><p>(F) Para investigar y prevenir el fraude y el abuso de nuestro sitio web, productos y servicios.<\/p><p>(G) Para cumplir con nuestras obligaciones legales y reglamentarias.<\/p><p>(H) Para evaluar o realizar una fusi\u00f3n, reestructuraci\u00f3n, venta u otra transacci\u00f3n corporativa en la que la informaci\u00f3n personal se encuentre entre los activos transferidos.<\/p><p>(I) Para otros fines l\u00edcitos.<\/p><p><strong>CON QUI\u00c9N SE PUEDE COMPARTIR LA INFORMACI\u00d3N PERSONAL.<\/strong><\/p><p>(A) Personas o empresas que ofrecen productos de seguro m\u00e9dico (\u201cProveedores de seguros\u201d).<\/p><p>(B) Auditores, abogados, consultores, prestadores de servicios profesionales, etc. (Servicios Profesionales \u201d).<\/p><p>(C) Otras partes con un inter\u00e9s legal (incluidas entidades gubernamentales o reguladoras) (\u00abPartes legales\u00bb).<\/p><p>(D) Otros proveedores de servicios que utilizamos para ayudar a proporcionar nuestros productos o servicios (\u00abProveedores de servicios\u00bb).<\/p><p><strong>DIVULGACIONES DE INFORMACI\u00d3N PERSONAL.<\/strong><\/p><p>(A) No hemos vendido ni vendemos informaci\u00f3n personal.<\/p><p>(B) En los \u00faltimos 12 meses, hemos divulgado con fines comerciales identificadores, informaci\u00f3n relacionada, caracter\u00edsticas, informaci\u00f3n comercial, informaci\u00f3n de salud, actividad en Internet, datos de geolocalizaci\u00f3n, audio, profesionales e inferencias a proveedores de seguros, servicios profesionales, partes legales, y otros proveedores de servicios.<\/p><p><strong>DERECHOS E INFORMACI\u00d3N DE CALIFORNIA<\/strong><\/p><p>(A) Los consumidores de California tienen derecho a solicitar que las empresas les revelen cierta informaci\u00f3n sobre el uso de su informaci\u00f3n personal durante los \u00faltimos 12 meses.<\/p><p>Al recibir una solicitud verificable, en la medida requerida y permitida por la ley aplicable, divulgaremos a los consumidores de California:<\/p><p>(i) las categor\u00edas de informaci\u00f3n personal que recopilamos sobre ellos;<\/p><p>(ii) las categor\u00edas de fuentes de la informaci\u00f3n personal que recopilamos sobre ellas;<\/p><p>(iii) nuestro prop\u00f3sito comercial o comercial para recopilar o vender esa informaci\u00f3n personal;<\/p><p>(iv) las categor\u00edas de terceros con quienes compartimos esa informaci\u00f3n personal;<\/p><p>(v) las piezas espec\u00edficas de informaci\u00f3n personal que recopilamos sobre ellos; y<\/p><p>(vi) Si vendimos o divulgamos informaci\u00f3n personal con un prop\u00f3sito comercial, dos listas separadas que divulgan<\/p><p>(a) ventas, identificando las categor\u00edas de informaci\u00f3n personal que compr\u00f3 cada categor\u00eda de destinatario; y<\/p><p>(b) divulgaciones con fines comerciales, identificando las categor\u00edas de informaci\u00f3n personal que obtuvo cada categor\u00eda de destinatario.<\/p><p>(B) Los consumidores de California tienen el derecho, sujeto a ciertas excepciones, de solicitar que las empresas eliminen cualquier informaci\u00f3n personal que hayan recopilado y retenido de los consumidores. Al recibir una solicitud verificable, en la medida requerida y permitida por la ley aplicable, eliminaremos (y pediremos a nuestros proveedores de servicios que eliminen) su informaci\u00f3n personal de nuestros registros, a menos que se aplique una excepci\u00f3n.<\/p><p>(C) Para solicitar la divulgaci\u00f3n o eliminaci\u00f3n de su informaci\u00f3n personal, comun\u00edquese con nosotros a la direcci\u00f3n de correo electr\u00f3nico o al n\u00famero de tel\u00e9fono que figura en nuestra informaci\u00f3n de contacto.<\/p><p>(D) Los consumidores de California tienen derecho a ordenar a las empresas que no vendan su informaci\u00f3n personal. No vendemos su informaci\u00f3n personal, por lo que no puede hacer nada para ejercer este derecho.<\/p><p>(E) Los consumidores de California no pueden ser discriminados por ejercer cualquiera de sus derechos bajo la Ley de Privacidad del Consumidor de California. Sin embargo, las empresas pueden ofrecer ciertos incentivos financieros que pueden resultar en diferentes precios, tarifas o niveles de calidad.<\/p><p>(F) La ley \u00abShine the Light\u00bb de California permite a los residentes de California solicitar cierta informaci\u00f3n con respecto a la divulgaci\u00f3n de informaci\u00f3n personal de las empresas a terceros para sus fines de marketing directo. Para realizar dicha solicitud, comun\u00edquese con nosotros a la direcci\u00f3n de correo electr\u00f3nico o al n\u00famero de tel\u00e9fono que figura en nuestra informaci\u00f3n de contacto.<\/p><p>(G) Algunos navegadores tienen funciones de \u00abno rastrear\u00bb que le permiten decirle a un sitio web que no lo rastree. Estas caracter\u00edsticas no son todas uniformes. Actualmente no respondemos a esas se\u00f1ales.<\/p><p><strong>COOKIES Y TECNOLOG\u00cdAS DE SEGUIMIENTO.<\/strong><\/p><p>Podemos recopilar informaci\u00f3n personal a lo largo del tiempo y en diferentes sitios web, aplicaciones y dispositivos. Tambi\u00e9n podemos trabajar con terceros que recopilan informaci\u00f3n personal de esta manera. Algunos ejemplos de herramientas de seguimiento que podemos utilizar incluyen cookies flash y del navegador, registros del servidor, balizas web y tecnolog\u00edas similares. Puede visitar las secciones de ayuda y configuraci\u00f3n de sus navegadores, dispositivos m\u00f3viles, empresas de redes sociales y otros proveedores de tecnolog\u00eda para conocer las opciones que puede tener para controlar el uso de sus datos.<\/p><p><strong>LLAMADAS Y GRABACIONES TELEF\u00d3NICAS.<\/strong><\/p><p>Proporciona su previo consentimiento expreso por escrito para recibir llamadas telef\u00f3nicas de marketing y mensajes de texto (incluidos los enviados por sistemas de marcaci\u00f3n telef\u00f3nica autom\u00e1tica e incluidos los mensajes pregrabados) a cualquier n\u00famero de tel\u00e9fono que nos proporcione, incluso si ese n\u00famero figura en un no -registro de llamadas. El consentimiento no es una condici\u00f3n para comprar bienes o servicios, y puede utilizar nuestros servicios o productos sin proporcionar este consentimiento marcando el n\u00famero de tel\u00e9fono en nuestro sitio web. Tambi\u00e9n acepta que todas las llamadas telef\u00f3nicas y las conversaciones con nosotros y cualquier persona a la que podamos transferir su llamada telef\u00f3nica o desde la cual podamos transferir su llamada telef\u00f3nica pueden grabarse por motivos de calidad, servicio al cliente, cumplimiento y normativas.<\/p><p><strong>RETENCI\u00d3N DE INFORMACI\u00d3N PERSONAL.<\/strong><\/p><p>Conservamos la informaci\u00f3n personal durante el tiempo que sea necesario para proporcionarle nuestros productos o servicios; para responder a cualquier pregunta, queja o reclamo realizado por usted o en su nombre; para mantener los registros requeridos por la ley o para demostrar el cumplimiento de las regulaciones; y para cumplir con los prop\u00f3sitos establecidos en esta pol\u00edtica.<\/p><p><strong>SEGURIDAD DE INFORMACI\u00d3N.<\/strong><\/p><p>Contamos con las medidas de seguridad adecuadas para evitar que la informaci\u00f3n personal se pierda o se utilice accidentalmente o se acceda a ella de forma no autorizada. Aquellos que procesen su informaci\u00f3n como proveedores de servicios lo har\u00e1n solo de manera autorizada y est\u00e1n sujetos a un deber de confidencialidad.\u00a0<\/p><\/div><\/div><\/article><\/div><\/div>\t\t\t\t\t\t\t\t<\/div>\n\t\t\t\t<\/div>\n\t\t\t\t<div class=\"elementor-element elementor-element-44bb456 elementor-widget elementor-widget-text-editor\" data-id=\"44bb456\" data-element_type=\"widget\" data-e-type=\"widget\" data-widget_type=\"text-editor.default\">\n\t\t\t\t<div class=\"elementor-widget-container\">\n\t\t\t\t\t\t\t\t\t<div class=\"x-container max width offset\"><div class=\"x-main left\" role=\"main\"><article id=\"post-566\" class=\"post-566 page type-page status-publish hentry no-post-thumbnail\"><div class=\"entry-wrap\"><div class=\"entry-content content\"><p><strong>INFORMACI\u00d3N DEL<\/strong><\/p><p><strong>CONTACTO. Correo:<\/strong> Medicare Advisors Insurance Group LLC, 3 Broad St, Elizabeth, Nueva Jersey 07201<\/p><p><strong>Correo electr\u00f3nico:<\/strong> info@mymedicareadvisors.com<\/p><p><strong>Tel\u00e9fono:<\/strong> (877) 255-0284<\/p><\/div><\/div><\/article><\/div><\/div>\t\t\t\t\t\t\t\t<\/div>\n\t\t\t\t<\/div>\n\t\t\t\t\t<\/div>\n\t\t<\/div>\n\t\t\t\t\t<\/div>\n\t\t<\/section>\n\t\t\t\t<\/div>\n\t\t","protected":false},"excerpt":{"rendered":"<p>Pol\u00edtica de privacidad Actualizado el 30 de julio de 2020 Gracias por acceder al sitio web y al portal del cliente de Medicare Advisors Insurance Group LLC (el \u00abPortal\u00bb). Este sitio web y el portal son propiedades de Internet de Medicare Advisors Insurance Group LLC (\u00abMedicare Advisors Insurance Group LLC\u00bb, \u00abnosotros\u00bb, \u00abnuestro\u00bb o \u00abnos\u00bb). En [&hellip;]<\/p>\n","protected":false},"author":1,"featured_media":0,"parent":0,"menu_order":0,"comment_status":"closed","ping_status":"closed","template":"","meta":{"footnotes":""},"class_list":["post-1661","page","type-page","status-publish","hentry"],"_links":{"self":[{"href":"https:\/\/medicareabc.com\/es\/wp-json\/wp\/v2\/pages\/1661","targetHints":{"allow":["GET"]}}],"collection":[{"href":"https:\/\/medicareabc.com\/es\/wp-json\/wp\/v2\/pages"}],"about":[{"href":"https:\/\/medicareabc.com\/es\/wp-json\/wp\/v2\/types\/page"}],"author":[{"embeddable":true,"href":"https:\/\/medicareabc.com\/es\/wp-json\/wp\/v2\/users\/1"}],"replies":[{"embeddable":true,"href":"https:\/\/medicareabc.com\/es\/wp-json\/wp\/v2\/comments?post=1661"}],"version-history":[{"count":0,"href":"https:\/\/medicareabc.com\/es\/wp-json\/wp\/v2\/pages\/1661\/revisions"}],"wp:attachment":[{"href":"https:\/\/medicareabc.com\/es\/wp-json\/wp\/v2\/media?parent=1661"}],"curies":[{"name":"wp","href":"https:\/\/api.w.org\/{rel}","templated":true}]}}