{"id":1653,"date":"2020-10-20T12:45:09","date_gmt":"2020-10-20T12:45:09","guid":{"rendered":"https:\/\/medicareabc.com\/news\/"},"modified":"2023-11-03T16:10:40","modified_gmt":"2023-11-03T16:10:40","slug":"news","status":"publish","type":"page","link":"https:\/\/medicareabc.com\/es\/news\/","title":{"rendered":"News"},"content":{"rendered":"\t\t<div data-elementor-type=\"wp-page\" data-elementor-id=\"1653\" class=\"elementor elementor-1653 elementor-1442\" data-elementor-post-type=\"page\">\n\t\t\t\t\t\t<section class=\"elementor-section elementor-top-section elementor-element elementor-element-4b8b49e3 elementor-section-height-min-height elementor-section-boxed elementor-section-height-default elementor-section-items-middle\" data-id=\"4b8b49e3\" data-element_type=\"section\" data-e-type=\"section\" data-settings=\"{&quot;background_background&quot;:&quot;classic&quot;,&quot;background_motion_fx_opacity_effect&quot;:&quot;yes&quot;,&quot;background_motion_fx_opacity_range&quot;:{&quot;unit&quot;:&quot;%&quot;,&quot;size&quot;:&quot;&quot;,&quot;sizes&quot;:{&quot;start&quot;:&quot;51&quot;,&quot;end&quot;:&quot;76&quot;}},&quot;background_motion_fx_motion_fx_scrolling&quot;:&quot;yes&quot;,&quot;background_motion_fx_opacity_direction&quot;:&quot;in-out&quot;,&quot;background_motion_fx_opacity_level&quot;:{&quot;unit&quot;:&quot;px&quot;,&quot;size&quot;:10,&quot;sizes&quot;:[]},&quot;background_motion_fx_devices&quot;:[&quot;desktop&quot;,&quot;tablet&quot;,&quot;mobile&quot;]}\">\n\t\t\t\t\t\t\t<div class=\"elementor-background-overlay\"><\/div>\n\t\t\t\t\t\t\t<div class=\"elementor-container elementor-column-gap-no\">\n\t\t\t\t\t<div class=\"elementor-column elementor-col-100 elementor-top-column elementor-element elementor-element-d8e2b58\" data-id=\"d8e2b58\" data-element_type=\"column\" data-e-type=\"column\">\n\t\t\t<div class=\"elementor-widget-wrap elementor-element-populated\">\n\t\t\t\t\t\t<div class=\"elementor-element elementor-element-4b4c4b1 elementor-widget elementor-widget-heading\" data-id=\"4b4c4b1\" data-element_type=\"widget\" data-e-type=\"widget\" data-widget_type=\"heading.default\">\n\t\t\t\t<div class=\"elementor-widget-container\">\n\t\t\t\t\t<h1 class=\"elementor-heading-title elementor-size-default\">Noticias<\/h1>\t\t\t\t<\/div>\n\t\t\t\t<\/div>\n\t\t\t\t\t<\/div>\n\t\t<\/div>\n\t\t\t\t\t<\/div>\n\t\t<\/section>\n\t\t\t\t<section class=\"elementor-section elementor-top-section elementor-element elementor-element-5d90017 elementor-section-boxed elementor-section-height-default elementor-section-height-default\" data-id=\"5d90017\" data-element_type=\"section\" data-e-type=\"section\">\n\t\t\t\t\t\t<div class=\"elementor-container elementor-column-gap-default\">\n\t\t\t\t\t<div class=\"elementor-column elementor-col-100 elementor-top-column elementor-element elementor-element-7350c4d\" data-id=\"7350c4d\" data-element_type=\"column\" data-e-type=\"column\">\n\t\t\t<div class=\"elementor-widget-wrap elementor-element-populated\">\n\t\t\t\t\t\t<div class=\"elementor-element elementor-element-ac0d1b0 elementor-grid-3 elementor-grid-tablet-2 elementor-grid-mobile-1 elementor-posts--thumbnail-top elementor-card-shadow-yes elementor-posts__hover-gradient elementor-widget elementor-widget-posts\" data-id=\"ac0d1b0\" data-element_type=\"widget\" data-e-type=\"widget\" data-settings=\"{&quot;cards_columns&quot;:&quot;3&quot;,&quot;cards_columns_tablet&quot;:&quot;2&quot;,&quot;cards_columns_mobile&quot;:&quot;1&quot;,&quot;cards_row_gap&quot;:{&quot;unit&quot;:&quot;px&quot;,&quot;size&quot;:35,&quot;sizes&quot;:[]},&quot;cards_row_gap_tablet&quot;:{&quot;unit&quot;:&quot;px&quot;,&quot;size&quot;:&quot;&quot;,&quot;sizes&quot;:[]},&quot;cards_row_gap_mobile&quot;:{&quot;unit&quot;:&quot;px&quot;,&quot;size&quot;:&quot;&quot;,&quot;sizes&quot;:[]}}\" data-widget_type=\"posts.cards\">\n\t\t\t\t<div class=\"elementor-widget-container\">\n\t\t\t\t\t\t\t<div class=\"elementor-posts-container elementor-posts elementor-posts--skin-cards elementor-grid\" role=\"list\">\n\t\t\t\t<article class=\"elementor-post elementor-grid-item post-76559 post type-post status-publish format-standard has-post-thumbnail hentry category-sin-categorizar\" role=\"listitem\">\n\t\t\t<div class=\"elementor-post__card\">\n\t\t\t\t<a class=\"elementor-post__thumbnail__link\" href=\"https:\/\/medicareabc.com\/es\/los-mejores-planes-de-medicare-parte-d-en-nueva-york-para-cobertura-de-medicamentos-recetados\/\" tabindex=\"-1\" ><div class=\"elementor-post__thumbnail\"><img fetchpriority=\"high\" decoding=\"async\" width=\"300\" height=\"169\" src=\"https:\/\/medicareabc.com\/wp-content\/uploads\/2025\/11\/045604_1651953-300x169.webp\" class=\"attachment-medium size-medium wp-image-76560\" alt=\"Los Mejores Planes de Medicare Parte D en Nueva York para Cobertura de Medicamentos Recetados\" srcset=\"https:\/\/medicareabc.com\/wp-content\/uploads\/2025\/11\/045604_1651953-300x169.webp 300w, https:\/\/medicareabc.com\/wp-content\/uploads\/2025\/11\/045604_1651953-768x432.webp 768w, https:\/\/medicareabc.com\/wp-content\/uploads\/2025\/11\/045604_1651953.webp 824w\" sizes=\"(max-width: 300px) 100vw, 300px\" title=\"\"><\/div><\/a>\n\t\t\t\t<div class=\"elementor-post__text\">\n\t\t\t\t<h3 class=\"elementor-post__title\">\n\t\t\t<a href=\"https:\/\/medicareabc.com\/es\/los-mejores-planes-de-medicare-parte-d-en-nueva-york-para-cobertura-de-medicamentos-recetados\/\" >\n\t\t\t\tLos Mejores Planes de Medicare Parte D en Nueva York para Cobertura de Medicamentos Recetados\t\t\t<\/a>\n\t\t<\/h3>\n\t\t\t\t<div class=\"elementor-post__excerpt\">\n\t\t\t<p>Cuando se trata de manejar los costos de atenci\u00f3n m\u00e9dica, la cobertura de medicamentos recetados es uno de los beneficios m\u00e1s importantes para las personas<\/p>\n\t\t<\/div>\n\t\t\n\t\t<a class=\"elementor-post__read-more\" href=\"https:\/\/medicareabc.com\/es\/los-mejores-planes-de-medicare-parte-d-en-nueva-york-para-cobertura-de-medicamentos-recetados\/\" aria-label=\"M\u00e1s informaci\u00f3n sobre Los Mejores Planes de Medicare Parte D en Nueva York para Cobertura de Medicamentos Recetados\" tabindex=\"-1\" >\n\t\t\tRead More \u00bb\t\t<\/a>\n\n\t\t\t\t<\/div>\n\t\t\t\t\t<\/div>\n\t\t<\/article>\n\t\t\t\t<article class=\"elementor-post elementor-grid-item post-73676 post type-post status-publish format-standard hentry category-sin-categorizar\" role=\"listitem\">\n\t\t\t<div class=\"elementor-post__card\">\n\t\t\t\t<div class=\"elementor-post__text\">\n\t\t\t\t<h3 class=\"elementor-post__title\">\n\t\t\t<a href=\"https:\/\/medicareabc.com\/es\/medicare-advantage-un-pilar-vital-para-los-adultos-mayores-y-medicare-advisors-lidera-el-compromiso-en-nueva-jersey\/\" >\n\t\t\t\tMedicare Advantage: Un Pilar Vital para los Adultos Mayores \u2013 y Medicare Advisors Lidera el Compromiso en Nueva Jersey\t\t\t<\/a>\n\t\t<\/h3>\n\t\t\t\t<div class=\"elementor-post__excerpt\">\n\t\t\t<p>En un entorno donde los costos de atenci\u00f3n m\u00e9dica siguen aumentando, Medicare Advantage representa un salvavidas esencial para millones de adultos mayores, no solo en<\/p>\n\t\t<\/div>\n\t\t\n\t\t<a class=\"elementor-post__read-more\" href=\"https:\/\/medicareabc.com\/es\/medicare-advantage-un-pilar-vital-para-los-adultos-mayores-y-medicare-advisors-lidera-el-compromiso-en-nueva-jersey\/\" aria-label=\"M\u00e1s informaci\u00f3n sobre Medicare Advantage: Un Pilar Vital para los Adultos Mayores \u2013 y Medicare Advisors Lidera el Compromiso en Nueva Jersey\" tabindex=\"-1\" >\n\t\t\tRead More \u00bb\t\t<\/a>\n\n\t\t\t\t<\/div>\n\t\t\t\t\t<\/div>\n\t\t<\/article>\n\t\t\t\t<article class=\"elementor-post elementor-grid-item post-73510 post type-post status-publish format-standard hentry category-sin-categorizar\" role=\"listitem\">\n\t\t\t<div class=\"elementor-post__card\">\n\t\t\t\t<div class=\"elementor-post__text\">\n\t\t\t\t<h3 class=\"elementor-post__title\">\n\t\t\t<a href=\"https:\/\/medicareabc.com\/es\/que-cubre-el-plan-g-de-medicare\/\" >\n\t\t\t\t\u00bfQu\u00e9 cubre el Plan G de Medicare?\t\t\t<\/a>\n\t\t<\/h3>\n\t\t\t\t<div class=\"elementor-post__excerpt\">\n\t\t\t<p>Introducci\u00f3n:El Plan G de Medicare es uno de los planes Medigap m\u00e1s populares porque ofrece una cobertura integral para muchos servicios de salud que Medicare<\/p>\n\t\t<\/div>\n\t\t\n\t\t<a class=\"elementor-post__read-more\" href=\"https:\/\/medicareabc.com\/es\/que-cubre-el-plan-g-de-medicare\/\" aria-label=\"M\u00e1s informaci\u00f3n sobre \u00bfQu\u00e9 cubre el Plan G de Medicare?\" tabindex=\"-1\" >\n\t\t\tRead More \u00bb\t\t<\/a>\n\n\t\t\t\t<\/div>\n\t\t\t\t\t<\/div>\n\t\t<\/article>\n\t\t\t\t<article class=\"elementor-post elementor-grid-item post-73506 post type-post status-publish format-standard has-post-thumbnail hentry category-sin-categorizar\" role=\"listitem\">\n\t\t\t<div class=\"elementor-post__card\">\n\t\t\t\t<a class=\"elementor-post__thumbnail__link\" href=\"https:\/\/medicareabc.com\/es\/planes-medicare-parte-d-2025-lo-que-cambia-y-lo-que-esta-cubierto\/\" tabindex=\"-1\" ><div class=\"elementor-post__thumbnail\"><img decoding=\"async\" width=\"225\" height=\"225\" src=\"https:\/\/medicareabc.com\/wp-content\/uploads\/2025\/04\/download.png\" class=\"attachment-medium size-medium wp-image-73501\" alt=\"Planes Medicare Parte D 2025: Lo que cambia y lo que est\u00e1 cubierto\" srcset=\"https:\/\/medicareabc.com\/wp-content\/uploads\/2025\/04\/download.png 225w, https:\/\/medicareabc.com\/wp-content\/uploads\/2025\/04\/download-150x150.png 150w\" sizes=\"(max-width: 225px) 100vw, 225px\" title=\"\"><\/div><\/a>\n\t\t\t\t<div class=\"elementor-post__text\">\n\t\t\t\t<h3 class=\"elementor-post__title\">\n\t\t\t<a href=\"https:\/\/medicareabc.com\/es\/planes-medicare-parte-d-2025-lo-que-cambia-y-lo-que-esta-cubierto\/\" >\n\t\t\t\tPlanes Medicare Parte D 2025: Lo que cambia y lo que est\u00e1 cubierto\t\t\t<\/a>\n\t\t<\/h3>\n\t\t\t\t<div class=\"elementor-post__excerpt\">\n\t\t\t<p>El a\u00f1o 2025 traer\u00e1 importantes mejoras a los planes Medicare Parte D, destinadas a brindar una cobertura m\u00e1s accesible y clara. En Medicare Advisors, nos<\/p>\n\t\t<\/div>\n\t\t\n\t\t<a class=\"elementor-post__read-more\" href=\"https:\/\/medicareabc.com\/es\/planes-medicare-parte-d-2025-lo-que-cambia-y-lo-que-esta-cubierto\/\" aria-label=\"M\u00e1s informaci\u00f3n sobre Planes Medicare Parte D 2025: Lo que cambia y lo que est\u00e1 cubierto\" tabindex=\"-1\" >\n\t\t\tRead More \u00bb\t\t<\/a>\n\n\t\t\t\t<\/div>\n\t\t\t\t\t<\/div>\n\t\t<\/article>\n\t\t\t\t<article class=\"elementor-post elementor-grid-item post-73468 post type-post status-publish format-standard hentry category-sin-categorizar\" role=\"listitem\">\n\t\t\t<div class=\"elementor-post__card\">\n\t\t\t\t<div class=\"elementor-post__text\">\n\t\t\t\t<h3 class=\"elementor-post__title\">\n\t\t\t<a href=\"https:\/\/medicareabc.com\/es\/bajan-las-primas-de-medicare-advantage-en-2025-que-significa-para-usted\/\" >\n\t\t\t\tBajan las primas de Medicare Advantage en 2025 \u2013 \u00bfQu\u00e9 significa para usted?\t\t\t<\/a>\n\t\t<\/h3>\n\t\t\t\t<div class=\"elementor-post__excerpt\">\n\t\t\t<p>Medicare Advisors: El mejor corredor de seguros de Medicare en Nueva Jersey Buenas noticias para quienes est\u00e1n en Medicare Advantage en 2025. Seg\u00fan los Centros<\/p>\n\t\t<\/div>\n\t\t\n\t\t<a class=\"elementor-post__read-more\" href=\"https:\/\/medicareabc.com\/es\/bajan-las-primas-de-medicare-advantage-en-2025-que-significa-para-usted\/\" aria-label=\"M\u00e1s informaci\u00f3n sobre Bajan las primas de Medicare Advantage en 2025 \u2013 \u00bfQu\u00e9 significa para usted?\" tabindex=\"-1\" >\n\t\t\tRead More \u00bb\t\t<\/a>\n\n\t\t\t\t<\/div>\n\t\t\t\t\t<\/div>\n\t\t<\/article>\n\t\t\t\t<article class=\"elementor-post elementor-grid-item post-73250 post type-post status-publish format-standard has-post-thumbnail hentry category-sin-categorizar\" role=\"listitem\">\n\t\t\t<div class=\"elementor-post__card\">\n\t\t\t\t<a class=\"elementor-post__thumbnail__link\" href=\"https:\/\/medicareabc.com\/es\/unitedhealthcare-optimiza-el-proceso-de-autorizacion-previa-los-pacientes-pueden-comenzar-terapia-fisica-de-inmediato\/\" tabindex=\"-1\" ><div class=\"elementor-post__thumbnail\"><img decoding=\"async\" width=\"300\" height=\"200\" src=\"https:\/\/medicareabc.com\/wp-content\/uploads\/2025\/03\/gettyimages-1312863209-612x612-2-300x200.jpg\" class=\"attachment-medium size-medium wp-image-72034\" alt=\"UnitedHealthcare Optimiza el Proceso de Autorizaci\u00f3n Previa: Los Pacientes Pueden Comenzar Terapia F\u00edsica de Inmediato\" srcset=\"https:\/\/medicareabc.com\/wp-content\/uploads\/2025\/03\/gettyimages-1312863209-612x612-2-300x200.jpg 300w, https:\/\/medicareabc.com\/wp-content\/uploads\/2025\/03\/gettyimages-1312863209-612x612-2.jpg 612w\" sizes=\"(max-width: 300px) 100vw, 300px\" title=\"\"><\/div><\/a>\n\t\t\t\t<div class=\"elementor-post__text\">\n\t\t\t\t<h3 class=\"elementor-post__title\">\n\t\t\t<a href=\"https:\/\/medicareabc.com\/es\/unitedhealthcare-optimiza-el-proceso-de-autorizacion-previa-los-pacientes-pueden-comenzar-terapia-fisica-de-inmediato\/\" >\n\t\t\t\tUnitedHealthcare Optimiza el Proceso de Autorizaci\u00f3n Previa: Los Pacientes Pueden Comenzar Terapia F\u00edsica de Inmediato\t\t\t<\/a>\n\t\t<\/h3>\n\t\t\t\t<div class=\"elementor-post__excerpt\">\n\t\t\t<p>UnitedHealthcare ha implementado cambios significativos en sus planes Medicare Advantage que facilitan el acceso a la terapia f\u00edsica. A partir de marzo de 2025, los<\/p>\n\t\t<\/div>\n\t\t\n\t\t<a class=\"elementor-post__read-more\" href=\"https:\/\/medicareabc.com\/es\/unitedhealthcare-optimiza-el-proceso-de-autorizacion-previa-los-pacientes-pueden-comenzar-terapia-fisica-de-inmediato\/\" aria-label=\"M\u00e1s informaci\u00f3n sobre UnitedHealthcare Optimiza el Proceso de Autorizaci\u00f3n Previa: Los Pacientes Pueden Comenzar Terapia F\u00edsica de Inmediato\" tabindex=\"-1\" >\n\t\t\tRead More \u00bb\t\t<\/a>\n\n\t\t\t\t<\/div>\n\t\t\t\t\t<\/div>\n\t\t<\/article>\n\t\t\t\t<\/div>\n\t\t\n\t\t\t\t<div class=\"e-load-more-anchor\" data-page=\"1\" data-max-page=\"139\" data-next-page=\"https:\/\/medicareabc.com\/es\/wp-json\/wp\/v2\/pages\/1653\/page\/2\/\"><\/div>\n\t\t\t\t<nav class=\"elementor-pagination\" aria-label=\"Paginaci\u00f3n\">\n\t\t\t<span class=\"page-numbers prev\">&laquo; Previous<\/span>\n<span aria-current=\"page\" class=\"page-numbers current\"><span class=\"elementor-screen-only\">P\u00e1gina<\/span>1<\/span>\n<a class=\"page-numbers\" href=\"https:\/\/medicareabc.com\/es\/wp-json\/wp\/v2\/pages\/1653\/page\/2\/\"><span class=\"elementor-screen-only\">P\u00e1gina<\/span>2<\/a>\n<a class=\"page-numbers\" href=\"https:\/\/medicareabc.com\/es\/wp-json\/wp\/v2\/pages\/1653\/page\/3\/\"><span class=\"elementor-screen-only\">P\u00e1gina<\/span>3<\/a>\n<a class=\"page-numbers\" href=\"https:\/\/medicareabc.com\/es\/wp-json\/wp\/v2\/pages\/1653\/page\/4\/\"><span class=\"elementor-screen-only\">P\u00e1gina<\/span>4<\/a>\n<a class=\"page-numbers\" href=\"https:\/\/medicareabc.com\/es\/wp-json\/wp\/v2\/pages\/1653\/page\/5\/\"><span class=\"elementor-screen-only\">P\u00e1gina<\/span>5<\/a>\n<a class=\"page-numbers\" href=\"https:\/\/medicareabc.com\/es\/wp-json\/wp\/v2\/pages\/1653\/page\/6\/\"><span class=\"elementor-screen-only\">P\u00e1gina<\/span>6<\/a>\n<a class=\"page-numbers\" href=\"https:\/\/medicareabc.com\/es\/wp-json\/wp\/v2\/pages\/1653\/page\/7\/\"><span class=\"elementor-screen-only\">P\u00e1gina<\/span>7<\/a>\n<a class=\"page-numbers\" href=\"https:\/\/medicareabc.com\/es\/wp-json\/wp\/v2\/pages\/1653\/page\/8\/\"><span class=\"elementor-screen-only\">P\u00e1gina<\/span>8<\/a>\n<a class=\"page-numbers\" href=\"https:\/\/medicareabc.com\/es\/wp-json\/wp\/v2\/pages\/1653\/page\/9\/\"><span class=\"elementor-screen-only\">P\u00e1gina<\/span>9<\/a>\n<a class=\"page-numbers\" href=\"https:\/\/medicareabc.com\/es\/wp-json\/wp\/v2\/pages\/1653\/page\/10\/\"><span class=\"elementor-screen-only\">P\u00e1gina<\/span>10<\/a>\n<a class=\"page-numbers\" href=\"https:\/\/medicareabc.com\/es\/wp-json\/wp\/v2\/pages\/1653\/page\/11\/\"><span class=\"elementor-screen-only\">P\u00e1gina<\/span>11<\/a>\n<a class=\"page-numbers\" href=\"https:\/\/medicareabc.com\/es\/wp-json\/wp\/v2\/pages\/1653\/page\/12\/\"><span class=\"elementor-screen-only\">P\u00e1gina<\/span>12<\/a>\n<a class=\"page-numbers\" href=\"https:\/\/medicareabc.com\/es\/wp-json\/wp\/v2\/pages\/1653\/page\/13\/\"><span class=\"elementor-screen-only\">P\u00e1gina<\/span>13<\/a>\n<a class=\"page-numbers\" href=\"https:\/\/medicareabc.com\/es\/wp-json\/wp\/v2\/pages\/1653\/page\/14\/\"><span class=\"elementor-screen-only\">P\u00e1gina<\/span>14<\/a>\n<a class=\"page-numbers\" href=\"https:\/\/medicareabc.com\/es\/wp-json\/wp\/v2\/pages\/1653\/page\/15\/\"><span class=\"elementor-screen-only\">P\u00e1gina<\/span>15<\/a>\n<a class=\"page-numbers\" href=\"https:\/\/medicareabc.com\/es\/wp-json\/wp\/v2\/pages\/1653\/page\/16\/\"><span class=\"elementor-screen-only\">P\u00e1gina<\/span>16<\/a>\n<a class=\"page-numbers\" href=\"https:\/\/medicareabc.com\/es\/wp-json\/wp\/v2\/pages\/1653\/page\/17\/\"><span class=\"elementor-screen-only\">P\u00e1gina<\/span>17<\/a>\n<a class=\"page-numbers\" href=\"https:\/\/medicareabc.com\/es\/wp-json\/wp\/v2\/pages\/1653\/page\/18\/\"><span class=\"elementor-screen-only\">P\u00e1gina<\/span>18<\/a>\n<a class=\"page-numbers\" href=\"https:\/\/medicareabc.com\/es\/wp-json\/wp\/v2\/pages\/1653\/page\/19\/\"><span class=\"elementor-screen-only\">P\u00e1gina<\/span>19<\/a>\n<a class=\"page-numbers\" href=\"https:\/\/medicareabc.com\/es\/wp-json\/wp\/v2\/pages\/1653\/page\/20\/\"><span class=\"elementor-screen-only\">P\u00e1gina<\/span>20<\/a>\n<a class=\"page-numbers\" href=\"https:\/\/medicareabc.com\/es\/wp-json\/wp\/v2\/pages\/1653\/page\/21\/\"><span class=\"elementor-screen-only\">P\u00e1gina<\/span>21<\/a>\n<a class=\"page-numbers\" href=\"https:\/\/medicareabc.com\/es\/wp-json\/wp\/v2\/pages\/1653\/page\/22\/\"><span class=\"elementor-screen-only\">P\u00e1gina<\/span>22<\/a>\n<a class=\"page-numbers\" href=\"https:\/\/medicareabc.com\/es\/wp-json\/wp\/v2\/pages\/1653\/page\/23\/\"><span class=\"elementor-screen-only\">P\u00e1gina<\/span>23<\/a>\n<a class=\"page-numbers\" href=\"https:\/\/medicareabc.com\/es\/wp-json\/wp\/v2\/pages\/1653\/page\/24\/\"><span class=\"elementor-screen-only\">P\u00e1gina<\/span>24<\/a>\n<a class=\"page-numbers\" href=\"https:\/\/medicareabc.com\/es\/wp-json\/wp\/v2\/pages\/1653\/page\/25\/\"><span class=\"elementor-screen-only\">P\u00e1gina<\/span>25<\/a>\n<a class=\"page-numbers\" href=\"https:\/\/medicareabc.com\/es\/wp-json\/wp\/v2\/pages\/1653\/page\/26\/\"><span class=\"elementor-screen-only\">P\u00e1gina<\/span>26<\/a>\n<a class=\"page-numbers\" href=\"https:\/\/medicareabc.com\/es\/wp-json\/wp\/v2\/pages\/1653\/page\/27\/\"><span class=\"elementor-screen-only\">P\u00e1gina<\/span>27<\/a>\n<a class=\"page-numbers\" href=\"https:\/\/medicareabc.com\/es\/wp-json\/wp\/v2\/pages\/1653\/page\/28\/\"><span class=\"elementor-screen-only\">P\u00e1gina<\/span>28<\/a>\n<a class=\"page-numbers\" href=\"https:\/\/medicareabc.com\/es\/wp-json\/wp\/v2\/pages\/1653\/page\/29\/\"><span class=\"elementor-screen-only\">P\u00e1gina<\/span>29<\/a>\n<a class=\"page-numbers\" href=\"https:\/\/medicareabc.com\/es\/wp-json\/wp\/v2\/pages\/1653\/page\/30\/\"><span class=\"elementor-screen-only\">P\u00e1gina<\/span>30<\/a>\n<a class=\"page-numbers\" href=\"https:\/\/medicareabc.com\/es\/wp-json\/wp\/v2\/pages\/1653\/page\/31\/\"><span class=\"elementor-screen-only\">P\u00e1gina<\/span>31<\/a>\n<a class=\"page-numbers\" href=\"https:\/\/medicareabc.com\/es\/wp-json\/wp\/v2\/pages\/1653\/page\/32\/\"><span class=\"elementor-screen-only\">P\u00e1gina<\/span>32<\/a>\n<a class=\"page-numbers\" href=\"https:\/\/medicareabc.com\/es\/wp-json\/wp\/v2\/pages\/1653\/page\/33\/\"><span class=\"elementor-screen-only\">P\u00e1gina<\/span>33<\/a>\n<a class=\"page-numbers\" href=\"https:\/\/medicareabc.com\/es\/wp-json\/wp\/v2\/pages\/1653\/page\/34\/\"><span class=\"elementor-screen-only\">P\u00e1gina<\/span>34<\/a>\n<a class=\"page-numbers\" href=\"https:\/\/medicareabc.com\/es\/wp-json\/wp\/v2\/pages\/1653\/page\/35\/\"><span class=\"elementor-screen-only\">P\u00e1gina<\/span>35<\/a>\n<a class=\"page-numbers\" href=\"https:\/\/medicareabc.com\/es\/wp-json\/wp\/v2\/pages\/1653\/page\/36\/\"><span class=\"elementor-screen-only\">P\u00e1gina<\/span>36<\/a>\n<a class=\"page-numbers\" href=\"https:\/\/medicareabc.com\/es\/wp-json\/wp\/v2\/pages\/1653\/page\/37\/\"><span class=\"elementor-screen-only\">P\u00e1gina<\/span>37<\/a>\n<a class=\"page-numbers\" href=\"https:\/\/medicareabc.com\/es\/wp-json\/wp\/v2\/pages\/1653\/page\/38\/\"><span class=\"elementor-screen-only\">P\u00e1gina<\/span>38<\/a>\n<a class=\"page-numbers\" href=\"https:\/\/medicareabc.com\/es\/wp-json\/wp\/v2\/pages\/1653\/page\/39\/\"><span class=\"elementor-screen-only\">P\u00e1gina<\/span>39<\/a>\n<a class=\"page-numbers\" href=\"https:\/\/medicareabc.com\/es\/wp-json\/wp\/v2\/pages\/1653\/page\/40\/\"><span class=\"elementor-screen-only\">P\u00e1gina<\/span>40<\/a>\n<a class=\"page-numbers\" href=\"https:\/\/medicareabc.com\/es\/wp-json\/wp\/v2\/pages\/1653\/page\/41\/\"><span class=\"elementor-screen-only\">P\u00e1gina<\/span>41<\/a>\n<a class=\"page-numbers\" href=\"https:\/\/medicareabc.com\/es\/wp-json\/wp\/v2\/pages\/1653\/page\/42\/\"><span class=\"elementor-screen-only\">P\u00e1gina<\/span>42<\/a>\n<a class=\"page-numbers\" href=\"https:\/\/medicareabc.com\/es\/wp-json\/wp\/v2\/pages\/1653\/page\/43\/\"><span class=\"elementor-screen-only\">P\u00e1gina<\/span>43<\/a>\n<a class=\"page-numbers\" href=\"https:\/\/medicareabc.com\/es\/wp-json\/wp\/v2\/pages\/1653\/page\/44\/\"><span class=\"elementor-screen-only\">P\u00e1gina<\/span>44<\/a>\n<a class=\"page-numbers\" href=\"https:\/\/medicareabc.com\/es\/wp-json\/wp\/v2\/pages\/1653\/page\/45\/\"><span class=\"elementor-screen-only\">P\u00e1gina<\/span>45<\/a>\n<a class=\"page-numbers\" href=\"https:\/\/medicareabc.com\/es\/wp-json\/wp\/v2\/pages\/1653\/page\/46\/\"><span class=\"elementor-screen-only\">P\u00e1gina<\/span>46<\/a>\n<a class=\"page-numbers\" href=\"https:\/\/medicareabc.com\/es\/wp-json\/wp\/v2\/pages\/1653\/page\/47\/\"><span class=\"elementor-screen-only\">P\u00e1gina<\/span>47<\/a>\n<a class=\"page-numbers\" href=\"https:\/\/medicareabc.com\/es\/wp-json\/wp\/v2\/pages\/1653\/page\/48\/\"><span class=\"elementor-screen-only\">P\u00e1gina<\/span>48<\/a>\n<a class=\"page-numbers\" href=\"https:\/\/medicareabc.com\/es\/wp-json\/wp\/v2\/pages\/1653\/page\/49\/\"><span class=\"elementor-screen-only\">P\u00e1gina<\/span>49<\/a>\n<a class=\"page-numbers\" href=\"https:\/\/medicareabc.com\/es\/wp-json\/wp\/v2\/pages\/1653\/page\/50\/\"><span class=\"elementor-screen-only\">P\u00e1gina<\/span>50<\/a>\n<a class=\"page-numbers next\" href=\"https:\/\/medicareabc.com\/es\/wp-json\/wp\/v2\/pages\/1653\/page\/2\/\">Next &raquo;<\/a>\t\t<\/nav>\n\t\t\t\t\t\t<\/div>\n\t\t\t\t<\/div>\n\t\t\t\t\t<\/div>\n\t\t<\/div>\n\t\t\t\t\t<\/div>\n\t\t<\/section>\n\t\t\t\t<\/div>\n\t\t","protected":false},"excerpt":{"rendered":"<p>Noticias<\/p>\n","protected":false},"author":1,"featured_media":0,"parent":0,"menu_order":0,"comment_status":"closed","ping_status":"closed","template":"","meta":{"footnotes":""},"class_list":["post-1653","page","type-page","status-publish","hentry"],"_links":{"self":[{"href":"https:\/\/medicareabc.com\/es\/wp-json\/wp\/v2\/pages\/1653","targetHints":{"allow":["GET"]}}],"collection":[{"href":"https:\/\/medicareabc.com\/es\/wp-json\/wp\/v2\/pages"}],"about":[{"href":"https:\/\/medicareabc.com\/es\/wp-json\/wp\/v2\/types\/page"}],"author":[{"embeddable":true,"href":"https:\/\/medicareabc.com\/es\/wp-json\/wp\/v2\/users\/1"}],"replies":[{"embeddable":true,"href":"https:\/\/medicareabc.com\/es\/wp-json\/wp\/v2\/comments?post=1653"}],"version-history":[{"count":0,"href":"https:\/\/medicareabc.com\/es\/wp-json\/wp\/v2\/pages\/1653\/revisions"}],"wp:attachment":[{"href":"https:\/\/medicareabc.com\/es\/wp-json\/wp\/v2\/media?parent=1653"}],"curies":[{"name":"wp","href":"https:\/\/api.w.org\/{rel}","templated":true}]}}